{"id":413,"date":"2023-12-05T13:49:15","date_gmt":"2023-12-05T12:49:15","guid":{"rendered":"https:\/\/traslochidaniejonata.ch\/politique-de-confidentialite\/"},"modified":"2023-12-06T08:40:38","modified_gmt":"2023-12-06T07:40:38","slug":"politique-de-confidentialite","status":"publish","type":"page","link":"https:\/\/traslochidaniejonata.ch\/fr\/politique-de-confidentialite\/","title":{"rendered":"Politique de confidentialit\u00e9"},"content":{"rendered":"<h2 class=\"wp-block-heading\">A propos de nous<\/h2><p><strong class=\"privacy-policy-tutorial\">Texte propos\u00e9 : <\/strong>L&rsquo;adresse de notre site web est : https:\/\/traslochidaniejonata.ch.<\/p><h2 class=\"wp-block-heading\">Commentaires<\/h2><p><strong class=\"privacy-policy-tutorial\">Texte sugg\u00e9r\u00e9:<\/strong> Lorsque les visiteurs laissent des commentaires sur le site, nous collectons les donn\u00e9es affich\u00e9es dans le formulaire de commentaires ainsi que l&rsquo;adresse IP du visiteur et la cha\u00eene de l&rsquo;agent utilisateur du navigateur pour faciliter la d\u00e9tection du spam.<\/p><p>Une cha\u00eene de caract\u00e8res anonymis\u00e9e cr\u00e9\u00e9e \u00e0 partir de votre adresse \u00e9lectronique (autrement appel\u00e9e \u00ab\u00a0hash\u00a0\u00bb) peut \u00eatre fournie au service Gravatar pour savoir si vous l&rsquo;utilisez. La politique de confidentialit\u00e9 du service Gravatar est disponible ici : https:\/\/automattic.com\/privacy\/. Apr\u00e8s approbation de votre commentaire, votre photo de profil est visible par le public dans le contexte de votre commentaire.<\/p><h2 class=\"wp-block-heading\">M\u00e9dias<\/h2><p><strong class=\"privacy-policy-tutorial\">Texte sugg\u00e9r\u00e9:<\/strong> Si vous t\u00e9l\u00e9chargez des images sur le site Web, vous devez \u00e9viter de t\u00e9l\u00e9charger des images qui incluent des donn\u00e9es de localisation int\u00e9gr\u00e9es (EXIF GPS). Les visiteurs du site web peuvent t\u00e9l\u00e9charger et extraire n&rsquo;importe quelle donn\u00e9e de localisation \u00e0 partir des images du site.<\/p><h2 class=\"wp-block-heading\">Cookie<\/h2><p><strong class=\"privacy-policy-tutorial\">Texte sugg\u00e9r\u00e9:<\/strong> Si vous laissez un commentaire sur notre site, vous pouvez choisir d&rsquo;enregistrer votre nom, votre adresse e-mail et votre site Web dans des cookies. Ils sont utilis\u00e9s pour votre commodit\u00e9 afin que vous n&rsquo;ayez pas \u00e0 saisir \u00e0 nouveau vos coordonn\u00e9es lorsque vous laissez un autre commentaire. Ces biscuits se conservent pendant un an.<\/p><p>Si vous visitez la page de connexion, un cookie temporaire sera cr\u00e9\u00e9 pour d\u00e9terminer si votre navigateur accepte les cookies. Ce cookie ne contient pas de donn\u00e9es personnelles et est supprim\u00e9 lorsque vous fermez le navigateur.<\/p><p>Lorsque vous vous connectez, plusieurs cookies sont cr\u00e9\u00e9s pour enregistrer vos informations de connexion et vos options d&rsquo;affichage d&rsquo;\u00e9cran. Les cookies de connexion durent deux jours, tandis que les cookies d&rsquo;option d&rsquo;\u00e9cran durent un an. Si vous s\u00e9lectionnez \u00ab\u00a0Se souvenir de moi\u00a0\u00bb, votre acc\u00e8s sera maintenu pendant une quinzaine de jours. Si vous vous d\u00e9connectez de votre compte, vos cookies de connexion seront supprim\u00e9s.<\/p><p>Si vous modifiez ou publiez un article, un cookie suppl\u00e9mentaire sera enregistr\u00e9 dans votre navigateur. Ce cookie ne comprend aucune donn\u00e9e personnelle, mais indique simplement l&rsquo;ID de l&rsquo;article que vous venez de modifier. Expire apr\u00e8s 1 jour.<\/p><h2 class=\"wp-block-heading\">Contenu int\u00e9gr\u00e9 dans d&rsquo;autres sites web<\/h2><p><strong class=\"privacy-policy-tutorial\">Texte sugg\u00e9r\u00e9:<\/strong> Les articles de ce site peuvent inclure du contenu int\u00e9gr\u00e9 (par exemple des vid\u00e9os, des images, des articles, etc.). Le contenu int\u00e9gr\u00e9 par d&rsquo;autres sites web se comporte exactement de la m\u00eame mani\u00e8re que si le visiteur avait visit\u00e9 l&rsquo;autre site web.<\/p><p>Ces sites web peuvent recueillir des donn\u00e9es vous concernant, utiliser des cookies, int\u00e9grer un suivi suppl\u00e9mentaire par des tiers et surveiller votre interaction avec eux, y compris le suivi de votre interaction avec le contenu int\u00e9gr\u00e9 si vous avez un compte et \u00eates connect\u00e9 \u00e0 ces sites web.<\/p><h2 class=\"wp-block-heading\">Avec qui nous partageons vos donn\u00e9es<\/h2><p><strong class=\"privacy-policy-tutorial\">Texte sugg\u00e9r\u00e9:<\/strong> Si vous demandez une r\u00e9initialisation de mot de passe, votre adresse IP sera incluse dans l&rsquo;e-mail de r\u00e9initialisation.<\/p><h2 class=\"wp-block-heading\">Combien de temps nous conservons vos donn\u00e9es<\/h2><p><strong class=\"privacy-policy-tutorial\">Texte sugg\u00e9r\u00e9:<\/strong> Si vous laissez un commentaire, le commentaire et ses m\u00e9tadonn\u00e9es sont conserv\u00e9s ind\u00e9finiment. C&rsquo;est ainsi que nous pouvons reconna\u00eetre et approuver automatiquement tout commentaire ult\u00e9rieur au lieu de le garder dans une file d&rsquo;attente de mod\u00e9ration.<\/p><p>Pour les utilisateurs qui s&rsquo;inscrivent sur notre site web (le cas \u00e9ch\u00e9ant), nous stockons \u00e9galement les informations personnelles qu&rsquo;ils fournissent dans leur profil d&rsquo;utilisateur. Tous les utilisateurs peuvent voir, modifier ou supprimer leurs informations personnelles \u00e0 tout moment (sauf leur nom d&rsquo;utilisateur, qu&rsquo;ils ne peuvent pas modifier). Les administrateurs du site web peuvent \u00e9galement consulter et modifier ces informations.<\/p><h2 class=\"wp-block-heading\">Quels droits avez-vous sur vos donn\u00e9es ?<\/h2><p><strong class=\"privacy-policy-tutorial\">Texte sugg\u00e9r\u00e9:<\/strong> Si vous avez un compte sur ce site, ou avez laiss\u00e9 des commentaires, vous pouvez demander \u00e0 recevoir un fichier export\u00e9 du site avec les donn\u00e9es personnelles que nous d\u00e9tenons \u00e0 votre sujet, y compris les donn\u00e9es que vous nous avez fournies. Vous pouvez \u00e9galement demander que nous supprimions toutes les donn\u00e9es personnelles vous concernant. Cela ne comprend pas les donn\u00e9es que nous sommes oblig\u00e9s de conserver \u00e0 des fins administratives, juridiques ou de s\u00e9curit\u00e9.<\/p><h2 class=\"wp-block-heading\">O\u00f9 vos donn\u00e9es sont envoy\u00e9es<\/h2><p><strong class=\"privacy-policy-tutorial\">Texte sugg\u00e9r\u00e9:<\/strong> Les commentaires des visiteurs peuvent \u00eatre v\u00e9rifi\u00e9s via un service automatis\u00e9 de d\u00e9tection de spam.<\/p>","protected":false},"excerpt":{"rendered":"<p>A propos de nous Texte propos\u00e9 : L&rsquo;adresse de notre site web est : https:\/\/traslochidaniejonata.ch. Commentaires Texte sugg\u00e9r\u00e9: Lorsque les visiteurs laissent des commentaires sur le site, nous collectons les donn\u00e9es affich\u00e9es dans le formulaire de commentaires ainsi que l&rsquo;adresse IP du visiteur et la cha\u00eene de l&rsquo;agent utilisateur du navigateur pour faciliter la d\u00e9tection [&hellip;]<\/p>\n","protected":false},"author":13,"featured_media":0,"parent":0,"menu_order":0,"comment_status":"closed","ping_status":"open","template":"","meta":{"_seopress_robots_primary_cat":"","_seopress_titles_title":"","_seopress_titles_desc":"","_seopress_robots_index":"","footnotes":""},"class_list":["post-413","page","type-page","status-publish","hentry"],"_links":{"self":[{"href":"https:\/\/traslochidaniejonata.ch\/fr\/wp-json\/wp\/v2\/pages\/413","targetHints":{"allow":["GET"]}}],"collection":[{"href":"https:\/\/traslochidaniejonata.ch\/fr\/wp-json\/wp\/v2\/pages"}],"about":[{"href":"https:\/\/traslochidaniejonata.ch\/fr\/wp-json\/wp\/v2\/types\/page"}],"author":[{"embeddable":true,"href":"https:\/\/traslochidaniejonata.ch\/fr\/wp-json\/wp\/v2\/users\/13"}],"replies":[{"embeddable":true,"href":"https:\/\/traslochidaniejonata.ch\/fr\/wp-json\/wp\/v2\/comments?post=413"}],"version-history":[{"count":0,"href":"https:\/\/traslochidaniejonata.ch\/fr\/wp-json\/wp\/v2\/pages\/413\/revisions"}],"wp:attachment":[{"href":"https:\/\/traslochidaniejonata.ch\/fr\/wp-json\/wp\/v2\/media?parent=413"}],"curies":[{"name":"wp","href":"https:\/\/api.w.org\/{rel}","templated":true}]}}